{"id":3656,"date":"2023-03-21T10:50:13","date_gmt":"2023-03-21T10:50:13","guid":{"rendered":"https:\/\/kamenlux.hr\/?page_id=3656"},"modified":"2023-03-29T23:41:18","modified_gmt":"2023-03-29T23:41:18","slug":"vapnenac","status":"publish","type":"page","link":"https:\/\/kamenlux.hr\/en\/vapnenac\/","title":{"rendered":"LIMESTONE"},"content":{"rendered":"<div data-elementor-type=\"wp-page\" data-elementor-id=\"3656\" class=\"elementor elementor-3656\">\n\t\t\t\t\t\t\t\t\t<section class=\"elementor-section elementor-top-section elementor-element elementor-element-21e26fb elementor-section-boxed elementor-section-height-default elementor-section-height-default\" data-id=\"21e26fb\" data-element_type=\"section\">\n\t\t\t\t\t\t<div class=\"elementor-container elementor-column-gap-default\">\n\t\t\t\t\t<div class=\"elementor-column elementor-col-100 elementor-top-column elementor-element elementor-element-40fc6ca\" data-id=\"40fc6ca\" data-element_type=\"column\">\n\t\t\t<div class=\"elementor-widget-wrap elementor-element-populated\">\n\t\t\t\t\t\t\t\t<div class=\"elementor-element elementor-element-1459b6e elementor-widget elementor-widget-heading\" data-id=\"1459b6e\" data-element_type=\"widget\" data-widget_type=\"heading.default\">\n\t\t\t\t<div class=\"elementor-widget-container\">\n\t\t\t<style>\/*! elementor - v3.11.5 - 14-03-2023 *\/\n.elementor-heading-title{padding:0;margin:0;line-height:1}.elementor-widget-heading .elementor-heading-title[class*=elementor-size-]>a{color:inherit;font-size:inherit;line-height:inherit}.elementor-widget-heading .elementor-heading-title.elementor-size-small{font-size:15px}.elementor-widget-heading .elementor-heading-title.elementor-size-medium{font-size:19px}.elementor-widget-heading .elementor-heading-title.elementor-size-large{font-size:29px}.elementor-widget-heading .elementor-heading-title.elementor-size-xl{font-size:39px}.elementor-widget-heading .elementor-heading-title.elementor-size-xxl{font-size:59px}<\/style><h2 class=\"elementor-heading-title elementor-size-default\">LIMESTONE<\/h2>\t\t<\/div>\n\t\t\t\t<\/div>\n\t\t\t\t<div class=\"elementor-element elementor-element-3a675b0 elementor-widget elementor-widget-text-editor\" data-id=\"3a675b0\" data-element_type=\"widget\" data-widget_type=\"text-editor.default\">\n\t\t\t\t<div class=\"elementor-widget-container\">\n\t\t\t<style>\/*! elementor - v3.11.5 - 14-03-2023 *\/\n.elementor-widget-text-editor.elementor-drop-cap-view-stacked .elementor-drop-cap{background-color:#818a91;color:#fff}.elementor-widget-text-editor.elementor-drop-cap-view-framed .elementor-drop-cap{color:#818a91;border:3px solid;background-color:transparent}.elementor-widget-text-editor:not(.elementor-drop-cap-view-default) .elementor-drop-cap{margin-top:8px}.elementor-widget-text-editor:not(.elementor-drop-cap-view-default) .elementor-drop-cap-letter{width:1em;height:1em}.elementor-widget-text-editor .elementor-drop-cap{float:left;text-align:center;line-height:1;font-size:50px}.elementor-widget-text-editor .elementor-drop-cap-letter{display:inline-block}<\/style>\t\t\t\t<p>Tvrdi vapnenci su kompaktne stijene, \u010dvrste i otporne na habanje pa se \u010desto koriste za oblaganje podova. Srednje tvrdi vapnenci su umjereno porozni, srednjih \u010dvrsto\u0107a i manje otporni na habanje. Mogu se ugra\u0111ivati i kao vertikalne obloge zidova. Otporan je prema razli\u010ditim utjecajima okoli\u0161a, trajan i lijepog izgleda. U radu\u00a0\u00a0 koristimo Vapnence koji dolaze iz \u00a0Dalmacije i Istre . To su Materijale\u00a0 koji se\u00a0 lijepo uklapaju\u00a0 u mediteransku arhitekturu, kao i u moderan, minimalisti\u010dki dizajn.<\/p>\t\t\t\t\t\t<\/div>\n\t\t\t\t<\/div>\n\t\t\t\t\t<\/div>\n\t\t<\/div>\n\t\t\t\t\t\t\t<\/div>\n\t\t<\/section>\n\t\t\t\t<section class=\"elementor-section elementor-top-section elementor-element elementor-element-3f86d6b2 elementor-section-boxed elementor-section-height-default elementor-section-height-default\" data-id=\"3f86d6b2\" data-element_type=\"section\">\n\t\t\t\t\t\t<div class=\"elementor-container elementor-column-gap-default\">\n\t\t\t\t\t<div class=\"elementor-column elementor-col-25 elementor-top-column elementor-element elementor-element-6afcc856\" data-id=\"6afcc856\" data-element_type=\"column\">\n\t\t\t<div class=\"elementor-widget-wrap elementor-element-populated\">\n\t\t\t\t\t\t\t\t<div class=\"elementor-element elementor-element-cce326d elementor-widget elementor-widget-image-carousel\" data-id=\"cce326d\" data-element_type=\"widget\" data-settings=\"{&quot;slides_to_show&quot;:&quot;1&quot;,&quot;navigation&quot;:&quot;none&quot;,&quot;autoplay&quot;:&quot;no&quot;,&quot;infinite&quot;:&quot;no&quot;,&quot;effect&quot;:&quot;slide&quot;,&quot;speed&quot;:500}\" data-widget_type=\"image-carousel.default\">\n\t\t\t\t<div class=\"elementor-widget-container\">\n\t\t\t<style>\/*! elementor - v3.11.5 - 14-03-2023 *\/\n.elementor-widget-image-carousel .swiper,.elementor-widget-image-carousel .swiper-container{position:static}.elementor-widget-image-carousel .swiper-container .swiper-slide figure,.elementor-widget-image-carousel .swiper .swiper-slide figure{line-height:inherit}.elementor-widget-image-carousel .swiper-slide{text-align:center}.elementor-image-carousel-wrapper:not(.swiper-container-initialized) .swiper-slide,.elementor-image-carousel-wrapper:not(.swiper-initialized) .swiper-slide{max-width:calc(100% \/ var(--e-image-carousel-slides-to-show, 3))}<\/style>\t\t<div class=\"elementor-image-carousel-wrapper swiper\" dir=\"ltr\">\n\t\t\t<div class=\"elementor-image-carousel swiper-wrapper\">\n\t\t\t\t\t\t\t\t<div class=\"swiper-slide\"><a data-elementor-open-lightbox=\"yes\" data-elementor-lightbox-slideshow=\"cce326d\" data-elementor-lightbox-title=\"BRA\u010cKI SIVAC\" data-e-action-hash=\"#elementor-action%3Aaction%3Dlightbox%26settings%3DeyJpZCI6MzkzMywidXJsIjoiaHR0cHM6XC9cL2thbWVubHV4LmhyXC93cC1jb250ZW50XC91cGxvYWRzXC8yMDIzXC8wM1wvQlJBY0tJLVNJVkFDLTIuanBnIiwic2xpZGVzaG93IjoiY2NlMzI2ZCJ9\" href=\"https:\/\/kamenlux.hr\/wp-content\/uploads\/2023\/03\/BRAcKI-SIVAC-2.jpg\"><figure class=\"swiper-slide-inner\"><img decoding=\"async\" class=\"swiper-slide-image\" src=\"https:\/\/kamenlux.hr\/wp-content\/uploads\/2023\/03\/BRAcKI-SIVAC-2.jpg\" alt=\"BRA\u010cKI SIVAC\" \/><\/figure><\/a><\/div>\t\t\t<\/div>\n\t\t\t\t\t<\/div>\n\t\t\t\t<\/div>\n\t\t\t\t<\/div>\n\t\t\t\t<div class=\"elementor-element elementor-element-7ad4735 elementor-widget elementor-widget-heading\" data-id=\"7ad4735\" data-element_type=\"widget\" data-widget_type=\"heading.default\">\n\t\t\t\t<div class=\"elementor-widget-container\">\n\t\t\t<h2 class=\"elementor-heading-title elementor-size-default\">BRA\u010cKI SIVAC<\/h2>\t\t<\/div>\n\t\t\t\t<\/div>\n\t\t\t\t\t<\/div>\n\t\t<\/div>\n\t\t\t\t<div class=\"elementor-column elementor-col-25 elementor-top-column elementor-element elementor-element-67af708\" data-id=\"67af708\" data-element_type=\"column\">\n\t\t\t<div class=\"elementor-widget-wrap elementor-element-populated\">\n\t\t\t\t\t\t\t\t<div class=\"elementor-element elementor-element-5c0f57f1 elementor-widget elementor-widget-image-carousel\" data-id=\"5c0f57f1\" data-element_type=\"widget\" data-settings=\"{&quot;slides_to_show&quot;:&quot;1&quot;,&quot;navigation&quot;:&quot;none&quot;,&quot;autoplay&quot;:&quot;no&quot;,&quot;infinite&quot;:&quot;no&quot;,&quot;effect&quot;:&quot;slide&quot;,&quot;speed&quot;:500}\" data-widget_type=\"image-carousel.default\">\n\t\t\t\t<div class=\"elementor-widget-container\">\n\t\t\t\t\t<div class=\"elementor-image-carousel-wrapper swiper\" dir=\"ltr\">\n\t\t\t<div class=\"elementor-image-carousel swiper-wrapper\">\n\t\t\t\t\t\t\t\t<div class=\"swiper-slide\"><a data-elementor-open-lightbox=\"yes\" data-elementor-lightbox-slideshow=\"5c0f57f1\" data-elementor-lightbox-title=\"BRA\u010cKO VESELJE\" data-e-action-hash=\"#elementor-action%3Aaction%3Dlightbox%26settings%3DeyJpZCI6MzkzNCwidXJsIjoiaHR0cHM6XC9cL2thbWVubHV4LmhyXC93cC1jb250ZW50XC91cGxvYWRzXC8yMDIzXC8wM1wvQlJBY0tPLVZFU0VMSkUtMS5qcGciLCJzbGlkZXNob3ciOiI1YzBmNTdmMSJ9\" href=\"https:\/\/kamenlux.hr\/wp-content\/uploads\/2023\/03\/BRAcKO-VESELJE-1.jpg\"><figure class=\"swiper-slide-inner\"><img decoding=\"async\" class=\"swiper-slide-image\" src=\"https:\/\/kamenlux.hr\/wp-content\/uploads\/2023\/03\/BRAcKO-VESELJE-1.jpg\" alt=\"BRA\u010cKO VESELJE\" \/><\/figure><\/a><\/div>\t\t\t<\/div>\n\t\t\t\t\t<\/div>\n\t\t\t\t<\/div>\n\t\t\t\t<\/div>\n\t\t\t\t<div class=\"elementor-element elementor-element-1d6bff3 elementor-widget elementor-widget-heading\" data-id=\"1d6bff3\" data-element_type=\"widget\" data-widget_type=\"heading.default\">\n\t\t\t\t<div class=\"elementor-widget-container\">\n\t\t\t<h2 class=\"elementor-heading-title elementor-size-default\">BRA\u010cKO VESELJE<\/h2>\t\t<\/div>\n\t\t\t\t<\/div>\n\t\t\t\t\t<\/div>\n\t\t<\/div>\n\t\t\t\t<div class=\"elementor-column elementor-col-25 elementor-top-column elementor-element elementor-element-39605eca\" data-id=\"39605eca\" data-element_type=\"column\">\n\t\t\t<div class=\"elementor-widget-wrap elementor-element-populated\">\n\t\t\t\t\t\t\t\t<div class=\"elementor-element elementor-element-9dc2815 elementor-widget elementor-widget-image-carousel\" data-id=\"9dc2815\" data-element_type=\"widget\" data-settings=\"{&quot;slides_to_show&quot;:&quot;1&quot;,&quot;navigation&quot;:&quot;none&quot;,&quot;autoplay&quot;:&quot;no&quot;,&quot;infinite&quot;:&quot;no&quot;,&quot;effect&quot;:&quot;slide&quot;,&quot;speed&quot;:500}\" data-widget_type=\"image-carousel.default\">\n\t\t\t\t<div class=\"elementor-widget-container\">\n\t\t\t\t\t<div class=\"elementor-image-carousel-wrapper swiper\" dir=\"ltr\">\n\t\t\t<div class=\"elementor-image-carousel swiper-wrapper\">\n\t\t\t\t\t\t\t\t<div class=\"swiper-slide\"><a data-elementor-open-lightbox=\"yes\" data-elementor-lightbox-slideshow=\"9dc2815\" data-elementor-lightbox-title=\"PLANO\" data-e-action-hash=\"#elementor-action%3Aaction%3Dlightbox%26settings%3DeyJpZCI6MzkzNSwidXJsIjoiaHR0cHM6XC9cL2thbWVubHV4LmhyXC93cC1jb250ZW50XC91cGxvYWRzXC8yMDIzXC8wM1wvUExBTk8tMS5qcGciLCJzbGlkZXNob3ciOiI5ZGMyODE1In0%3D\" href=\"https:\/\/kamenlux.hr\/wp-content\/uploads\/2023\/03\/PLANO-1.jpg\"><figure class=\"swiper-slide-inner\"><img decoding=\"async\" class=\"swiper-slide-image\" src=\"https:\/\/kamenlux.hr\/wp-content\/uploads\/2023\/03\/PLANO-1.jpg\" alt=\"PLANO\" \/><\/figure><\/a><\/div>\t\t\t<\/div>\n\t\t\t\t\t<\/div>\n\t\t\t\t<\/div>\n\t\t\t\t<\/div>\n\t\t\t\t<div class=\"elementor-element elementor-element-2799d439 elementor-widget elementor-widget-heading\" data-id=\"2799d439\" data-element_type=\"widget\" data-widget_type=\"heading.default\">\n\t\t\t\t<div class=\"elementor-widget-container\">\n\t\t\t<h2 class=\"elementor-heading-title elementor-size-default\">PLANO<\/h2>\t\t<\/div>\n\t\t\t\t<\/div>\n\t\t\t\t\t<\/div>\n\t\t<\/div>\n\t\t\t\t<div class=\"elementor-column elementor-col-25 elementor-top-column elementor-element elementor-element-7a99297d\" data-id=\"7a99297d\" data-element_type=\"column\">\n\t\t\t<div class=\"elementor-widget-wrap elementor-element-populated\">\n\t\t\t\t\t\t\t\t<div class=\"elementor-element elementor-element-8fa1acf elementor-widget elementor-widget-image-carousel\" data-id=\"8fa1acf\" data-element_type=\"widget\" data-settings=\"{&quot;slides_to_show&quot;:&quot;1&quot;,&quot;navigation&quot;:&quot;none&quot;,&quot;autoplay&quot;:&quot;no&quot;,&quot;infinite&quot;:&quot;no&quot;,&quot;effect&quot;:&quot;slide&quot;,&quot;speed&quot;:500}\" data-widget_type=\"image-carousel.default\">\n\t\t\t\t<div class=\"elementor-widget-container\">\n\t\t\t\t\t<div class=\"elementor-image-carousel-wrapper swiper\" dir=\"ltr\">\n\t\t\t<div class=\"elementor-image-carousel swiper-wrapper\">\n\t\t\t\t\t\t\t\t<div class=\"swiper-slide\"><a data-elementor-open-lightbox=\"yes\" data-elementor-lightbox-slideshow=\"8fa1acf\" data-elementor-lightbox-title=\"VRSINE\" data-e-action-hash=\"#elementor-action%3Aaction%3Dlightbox%26settings%3DeyJpZCI6MzkzNiwidXJsIjoiaHR0cHM6XC9cL2thbWVubHV4LmhyXC93cC1jb250ZW50XC91cGxvYWRzXC8yMDIzXC8wM1wvVlJTSU5FLTEucG5nIiwic2xpZGVzaG93IjoiOGZhMWFjZiJ9\" href=\"https:\/\/kamenlux.hr\/wp-content\/uploads\/2023\/03\/VRSINE-1.png\"><figure class=\"swiper-slide-inner\"><img decoding=\"async\" class=\"swiper-slide-image\" src=\"https:\/\/kamenlux.hr\/wp-content\/uploads\/2023\/03\/VRSINE-1.png\" alt=\"VRSINE\" \/><\/figure><\/a><\/div>\t\t\t<\/div>\n\t\t\t\t\t<\/div>\n\t\t\t\t<\/div>\n\t\t\t\t<\/div>\n\t\t\t\t<div class=\"elementor-element elementor-element-3bbc2602 elementor-widget elementor-widget-heading\" data-id=\"3bbc2602\" data-element_type=\"widget\" data-widget_type=\"heading.default\">\n\t\t\t\t<div class=\"elementor-widget-container\">\n\t\t\t<h2 class=\"elementor-heading-title elementor-size-default\">VRSINE<\/h2>\t\t<\/div>\n\t\t\t\t<\/div>\n\t\t\t\t\t<\/div>\n\t\t<\/div>\n\t\t\t\t\t\t\t<\/div>\n\t\t<\/section>\n\t\t\t\t\t\t\t<\/div>","protected":false},"excerpt":{"rendered":"<p>VAPNENAC Tvrdi vapnenci su kompaktne stijene, \u010dvrste i otporne na habanje pa se \u010desto koriste za oblaganje podova. Srednje tvrdi&#8230;<\/p>","protected":false},"author":1,"featured_media":0,"parent":0,"menu_order":0,"comment_status":"closed","ping_status":"closed","template":"elementor_header_footer","meta":{"footnotes":""},"class_list":["post-3656","page","type-page","status-publish","hentry"],"post-meta":{"site-container":["default"],"site-header-transparent":["default"],"site-page-header":["default"],"site-sidebar":["default"],"_elementor_edit_mode":["builder"],"_elementor_template_type":["wp-page"],"_elementor_version":["3.11.5"],"_wp_page_template":["elementor_header_footer"],"_elementor_data":["[{\"id\":\"21e26fb\",\"elType\":\"section\",\"settings\":{\"hover_parallax\":[{\"layer_position_vr\":{\"unit\":\"%\",\"size\":30},\"layer_position_hr\":{\"unit\":\"%\",\"size\":40},\"_id\":\"bf861f7\"},{\"layer_position_vr\":{\"unit\":\"%\",\"size\":60},\"layer_position_hr\":{\"unit\":\"%\",\"size\":20},\"_id\":\"aa4b866\"}],\"margin\":{\"unit\":\"px\",\"top\":\"0\",\"right\":0,\"bottom\":\"0\",\"left\":0,\"isLinked\":false},\"padding\":{\"unit\":\"px\",\"top\":\"80\",\"right\":\"0\",\"bottom\":\"80\",\"left\":\"0\",\"isLinked\":false},\"pa_condition_repeater\":[]},\"elements\":[{\"id\":\"40fc6ca\",\"elType\":\"column\",\"settings\":{\"_column_size\":100,\"_inline_size\":null,\"pa_condition_repeater\":[]},\"elements\":[{\"id\":\"1459b6e\",\"elType\":\"widget\",\"settings\":{\"title\":\"VAPNENAC\",\"align\":\"left\",\"typography_typography\":\"custom\",\"typography_font_weight\":\"200\",\"pa_condition_repeater\":[]},\"elements\":[],\"widgetType\":\"heading\"},{\"id\":\"3a675b0\",\"elType\":\"widget\",\"settings\":{\"editor\":\"<p>Tvrdi vapnenci su kompaktne stijene, \\u010dvrste i otporne na habanje pa se \\u010desto koriste za oblaganje podova. Srednje tvrdi vapnenci su umjereno porozni, srednjih \\u010dvrsto\\u0107a i manje otporni na habanje. Mogu se ugra\\u0111ivati i kao vertikalne obloge zidova. Otporan je prema razli\\u010ditim utjecajima okoli\\u0161a, trajan i lijepog izgleda. U radu\\u00a0\\u00a0 koristimo Vapnence koji dolaze iz \\u00a0Dalmacije i Istre . To su Materijale\\u00a0 koji se\\u00a0 lijepo uklapaju\\u00a0 u mediteransku arhitekturu, kao i u moderan, minimalisti\\u010dki dizajn.<\\\/p>\",\"align\":\"left\",\"typography_typography\":\"custom\",\"typography_font_weight\":\"300\",\"typography_text_transform\":\"uppercase\",\"_margin\":{\"unit\":\"px\",\"top\":\"0\",\"right\":\"0\",\"bottom\":\"0\",\"left\":\"0\",\"isLinked\":false},\"pa_condition_repeater\":[]},\"elements\":[],\"widgetType\":\"text-editor\"}],\"isInner\":false}],\"isInner\":false},{\"id\":\"3f86d6b2\",\"elType\":\"section\",\"settings\":{\"structure\":\"40\",\"margin\":{\"unit\":\"px\",\"top\":\"-80\",\"right\":0,\"bottom\":\"0\",\"left\":0,\"isLinked\":false}},\"elements\":[{\"id\":\"6afcc856\",\"elType\":\"column\",\"settings\":{\"_column_size\":25,\"_inline_size\":null},\"elements\":[{\"id\":\"cce326d\",\"elType\":\"widget\",\"settings\":{\"carousel\":[{\"id\":3933,\"url\":\"https:\\\/\\\/kamenlux.hr\\\/wp-content\\\/uploads\\\/2023\\\/03\\\/BRAcKI-SIVAC-2.jpg\"}],\"thumbnail_size\":\"full\",\"slides_to_show\":\"1\",\"navigation\":\"none\",\"link_to\":\"file\",\"autoplay\":\"no\",\"infinite\":\"no\"},\"elements\":[],\"widgetType\":\"image-carousel\"},{\"id\":\"7ad4735\",\"elType\":\"widget\",\"settings\":{\"title\":\"BRA\\u010cKI SIVAC\",\"align\":\"center\",\"typography_typography\":\"custom\",\"typography_font_weight\":\"200\",\"pa_condition_repeater\":[],\"typography_font_size\":{\"unit\":\"px\",\"size\":27,\"sizes\":[]},\"_margin\":{\"unit\":\"px\",\"top\":\"0\",\"right\":\"0\",\"bottom\":\"0\",\"left\":\"0\",\"isLinked\":false}},\"elements\":[],\"widgetType\":\"heading\"}],\"isInner\":false},{\"id\":\"67af708\",\"elType\":\"column\",\"settings\":{\"_column_size\":25,\"_inline_size\":null},\"elements\":[{\"id\":\"5c0f57f1\",\"elType\":\"widget\",\"settings\":{\"carousel\":[{\"id\":3934,\"url\":\"https:\\\/\\\/kamenlux.hr\\\/wp-content\\\/uploads\\\/2023\\\/03\\\/BRAcKO-VESELJE-1.jpg\"}],\"thumbnail_size\":\"full\",\"slides_to_show\":\"1\",\"navigation\":\"none\",\"link_to\":\"file\",\"autoplay\":\"no\",\"infinite\":\"no\"},\"elements\":[],\"widgetType\":\"image-carousel\"},{\"id\":\"1d6bff3\",\"elType\":\"widget\",\"settings\":{\"title\":\"BRA\\u010cKO VESELJE\",\"align\":\"center\",\"typography_typography\":\"custom\",\"typography_font_weight\":\"200\",\"pa_condition_repeater\":[],\"typography_font_size\":{\"unit\":\"px\",\"size\":27,\"sizes\":[]},\"_margin\":{\"unit\":\"px\",\"top\":\"0\",\"right\":\"0\",\"bottom\":\"0\",\"left\":\"0\",\"isLinked\":false}},\"elements\":[],\"widgetType\":\"heading\"}],\"isInner\":false},{\"id\":\"39605eca\",\"elType\":\"column\",\"settings\":{\"_column_size\":25,\"_inline_size\":null},\"elements\":[{\"id\":\"9dc2815\",\"elType\":\"widget\",\"settings\":{\"carousel\":[{\"id\":3935,\"url\":\"https:\\\/\\\/kamenlux.hr\\\/wp-content\\\/uploads\\\/2023\\\/03\\\/PLANO-1.jpg\"}],\"thumbnail_size\":\"full\",\"slides_to_show\":\"1\",\"navigation\":\"none\",\"link_to\":\"file\",\"autoplay\":\"no\",\"infinite\":\"no\"},\"elements\":[],\"widgetType\":\"image-carousel\"},{\"id\":\"2799d439\",\"elType\":\"widget\",\"settings\":{\"title\":\"PLANO\",\"align\":\"center\",\"typography_typography\":\"custom\",\"typography_font_weight\":\"200\",\"pa_condition_repeater\":[],\"typography_font_size\":{\"unit\":\"px\",\"size\":27,\"sizes\":[]},\"_margin\":{\"unit\":\"px\",\"top\":\"0\",\"right\":\"0\",\"bottom\":\"0\",\"left\":\"0\",\"isLinked\":false}},\"elements\":[],\"widgetType\":\"heading\"}],\"isInner\":false},{\"id\":\"7a99297d\",\"elType\":\"column\",\"settings\":{\"_column_size\":25,\"_inline_size\":null},\"elements\":[{\"id\":\"8fa1acf\",\"elType\":\"widget\",\"settings\":{\"carousel\":[{\"id\":3936,\"url\":\"https:\\\/\\\/kamenlux.hr\\\/wp-content\\\/uploads\\\/2023\\\/03\\\/VRSINE-1.png\"}],\"thumbnail_size\":\"full\",\"slides_to_show\":\"1\",\"navigation\":\"none\",\"link_to\":\"file\",\"autoplay\":\"no\",\"infinite\":\"no\"},\"elements\":[],\"widgetType\":\"image-carousel\"},{\"id\":\"3bbc2602\",\"elType\":\"widget\",\"settings\":{\"title\":\"VRSINE\",\"align\":\"center\",\"typography_typography\":\"custom\",\"typography_font_weight\":\"200\",\"pa_condition_repeater\":[],\"typography_font_size\":{\"unit\":\"px\",\"size\":27,\"sizes\":[]},\"_margin\":{\"unit\":\"px\",\"top\":\"0\",\"right\":\"0\",\"bottom\":\"0\",\"left\":\"0\",\"isLinked\":false}},\"elements\":[],\"widgetType\":\"heading\"}],\"isInner\":false}],\"isInner\":false}]"],"_elementor_controls_usage":["a:8:{s:7:\"heading\";a:3:{s:5:\"count\";i:7;s:15:\"control_percent\";i:3;s:8:\"controls\";a:2:{s:7:\"content\";a:1:{s:13:\"section_title\";a:3:{s:5:\"title\";i:7;s:5:\"align\";i:2;s:11:\"header_size\";i:2;}}s:5:\"style\";a:1:{s:19:\"section_title_style\";a:7:{s:11:\"title_color\";i:2;s:21:\"typography_typography\";i:7;s:20:\"typography_font_size\";i:7;s:22:\"typography_font_weight\";i:1;s:25:\"typography_text_transform\";i:1;s:27:\"typography_font_size_mobile\";i:2;s:29:\"typography_line_height_mobile\";i:2;}}}}s:11:\"text-editor\";a:3:{s:5:\"count\";i:5;s:15:\"control_percent\";i:2;s:8:\"controls\";a:3:{s:7:\"content\";a:1:{s:14:\"section_editor\";a:1:{s:6:\"editor\";i:5;}}s:5:\"style\";a:1:{s:13:\"section_style\";a:4:{s:21:\"typography_typography\";i:5;s:20:\"typography_font_size\";i:5;s:22:\"typography_line_height\";i:4;s:5:\"align\";i:1;}}s:8:\"advanced\";a:1:{s:14:\"_section_style\";a:1:{s:7:\"_margin\";i:3;}}}}s:7:\"counter\";a:3:{s:5:\"count\";i:3;s:15:\"control_percent\";i:4;s:8:\"controls\";a:2:{s:7:\"content\";a:1:{s:15:\"section_counter\";a:3:{s:13:\"ending_number\";i:3;s:18:\"thousand_separator\";i:3;s:5:\"title\";i:3;}}s:5:\"style\";a:2:{s:14:\"section_number\";a:3:{s:12:\"number_color\";i:3;s:28:\"typography_number_typography\";i:3;s:27:\"typography_number_font_size\";i:3;}s:13:\"section_title\";a:5:{s:11:\"title_color\";i:3;s:27:\"typography_title_typography\";i:3;s:26:\"typography_title_font_size\";i:3;s:28:\"typography_title_font_weight\";i:3;s:31:\"typography_title_text_transform\";i:3;}}}}s:6:\"column\";a:3:{s:5:\"count\";i:18;s:15:\"control_percent\";i:0;s:8:\"controls\";a:2:{s:6:\"layout\";a:1:{s:6:\"layout\";a:2:{s:12:\"_inline_size\";i:18;s:19:\"_inline_size_tablet\";i:8;}}s:8:\"advanced\";a:1:{s:16:\"section_advanced\";a:6:{s:7:\"padding\";i:12;s:13:\"margin_mobile\";i:1;s:14:\"padding_tablet\";i:8;s:14:\"padding_mobile\";i:2;s:6:\"margin\";i:1;s:13:\"margin_tablet\";i:1;}}}}s:7:\"section\";a:3:{s:5:\"count\";i:9;s:15:\"control_percent\";i:3;s:8:\"controls\";a:3:{s:6:\"layout\";a:2:{s:17:\"section_structure\";a:1:{s:9:\"structure\";i:5;}s:14:\"section_layout\";a:5:{s:15:\"stretch_section\";i:4;s:13:\"content_width\";i:4;s:6:\"layout\";i:1;s:6:\"height\";i:2;s:13:\"custom_height\";i:2;}}s:8:\"advanced\";a:1:{s:16:\"section_advanced\";a:3:{s:6:\"margin\";i:5;s:14:\"padding_mobile\";i:2;s:13:\"margin_mobile\";i:2;}}s:5:\"style\";a:1:{s:18:\"section_background\";a:2:{s:21:\"background_background\";i:4;s:16:\"background_color\";i:4;}}}}s:5:\"image\";a:3:{s:5:\"count\";i:1;s:15:\"control_percent\";i:1;s:8:\"controls\";a:1:{s:7:\"content\";a:1:{s:13:\"section_image\";a:2:{s:5:\"image\";i:1;s:12:\"align_tablet\";i:1;}}}}s:9:\"image-box\";a:3:{s:5:\"count\";i:6;s:15:\"control_percent\";i:3;s:8:\"controls\";a:3:{s:7:\"content\";a:1:{s:13:\"section_image\";a:4:{s:5:\"image\";i:6;s:10:\"title_text\";i:6;s:16:\"description_text\";i:6;s:8:\"position\";i:2;}}s:5:\"style\";a:2:{s:21:\"section_style_content\";a:4:{s:27:\"title_typography_typography\";i:6;s:26:\"title_typography_font_size\";i:4;s:33:\"description_typography_typography\";i:4;s:26:\"content_vertical_alignment\";i:2;}s:19:\"section_style_image\";a:1:{s:10:\"image_size\";i:2;}}s:8:\"advanced\";a:2:{s:14:\"_section_style\";a:2:{s:8:\"_padding\";i:4;s:7:\"_margin\";i:2;}s:19:\"_section_background\";a:2:{s:22:\"_background_background\";i:4;s:17:\"_background_color\";i:4;}}}}s:6:\"button\";a:3:{s:5:\"count\";i:1;s:15:\"control_percent\";i:4;s:8:\"controls\";a:2:{s:7:\"content\";a:1:{s:14:\"section_button\";a:4:{s:4:\"text\";i:1;s:5:\"align\";i:1;s:12:\"align_mobile\";i:1;s:4:\"link\";i:1;}}s:5:\"style\";a:1:{s:13:\"section_style\";a:11:{s:21:\"typography_typography\";i:1;s:20:\"typography_font_size\";i:1;s:22:\"typography_font_weight\";i:1;s:17:\"button_text_color\";i:1;s:16:\"background_color\";i:1;s:11:\"hover_color\";i:1;s:29:\"button_background_hover_color\";i:1;s:25:\"button_hover_border_color\";i:1;s:13:\"border_border\";i:1;s:12:\"border_width\";i:1;s:12:\"border_color\";i:1;}}}}}"],"_wxr_import_user_slug":["ulr3g"],"_wxr_import_has_attachment_refs":["1"],"_edit_lock":["1680133305:1"],"_elementor_page_assets":["a:0:{}"],"_edit_last":["1"],"rs_page_bg_color":[""],"_elementor_css":["a:6:{s:4:\"time\";i:1680174500;s:5:\"fonts\";a:0:{}s:5:\"icons\";a:0:{}s:20:\"dynamic_elements_ids\";a:0:{}s:6:\"status\";s:4:\"file\";i:0;s:0:\"\";}"]},"_links":{"self":[{"href":"https:\/\/kamenlux.hr\/en\/wp-json\/wp\/v2\/pages\/3656","targetHints":{"allow":["GET"]}}],"collection":[{"href":"https:\/\/kamenlux.hr\/en\/wp-json\/wp\/v2\/pages"}],"about":[{"href":"https:\/\/kamenlux.hr\/en\/wp-json\/wp\/v2\/types\/page"}],"author":[{"embeddable":true,"href":"https:\/\/kamenlux.hr\/en\/wp-json\/wp\/v2\/users\/1"}],"replies":[{"embeddable":true,"href":"https:\/\/kamenlux.hr\/en\/wp-json\/wp\/v2\/comments?post=3656"}],"version-history":[{"count":16,"href":"https:\/\/kamenlux.hr\/en\/wp-json\/wp\/v2\/pages\/3656\/revisions"}],"predecessor-version":[{"id":4264,"href":"https:\/\/kamenlux.hr\/en\/wp-json\/wp\/v2\/pages\/3656\/revisions\/4264"}],"wp:attachment":[{"href":"https:\/\/kamenlux.hr\/en\/wp-json\/wp\/v2\/media?parent=3656"}],"curies":[{"name":"wp","href":"https:\/\/api.w.org\/{rel}","templated":true}]}}