{"id":3,"date":"2023-02-13T10:53:07","date_gmt":"2023-02-13T10:53:07","guid":{"rendered":"https:\/\/kamenlux.hr\/?page_id=3"},"modified":"2023-03-28T13:26:03","modified_gmt":"2023-03-28T13:26:03","slug":"politika-privatnosti","status":"publish","type":"page","link":"https:\/\/kamenlux.hr\/en\/politika-privatnosti\/","title":{"rendered":"Privacy Policy"},"content":{"rendered":"<p>Hvala \u0161to ste odabrali KamenLux.hr. Po\u0161tujemo va\u0161u privatnost i predani smo za\u0161titi osobnih podataka koje nam dajete. Ova Pravila o privatnosti obja\u0161njavaju kako prikupljamo, koristimo i otkrivamo podatke o vama kada koristite na\u0161u web stranicu i usluge.<\/p>\n\n\n\n<p>Podaci koje prikupljamo:<br>Prikupljamo informacije koje nam dajete izravno kada koristite na\u0161u web stranicu, kao \u0161to su va\u0161e ime, adresa e-po\u0161te, telefonski broj i drugi osobni podaci koje nam mo\u017eete dati. Tako\u0111er prikupljamo informacije o va\u0161em kori\u0161tenju na\u0161e web stranice i usluga, uklju\u010duju\u0107i va\u0161u IP adresu, vrstu preglednika, vrstu ure\u0111aja i druge tehni\u010dke informacije.<\/p>\n\n\n\n<p>Kako koristimo va\u0161e podatke:<br>Podatke koje prikupljamo koristimo kako bismo vam pru\u017eili i pobolj\u0161ali na\u0161e usluge, komunicirali s vama i personalizirali va\u0161e iskustvo na na\u0161oj web stranici. Tako\u0111er mo\u017eemo koristiti va\u0161e podatke kako bismo vam poslali promotivne ponude i druge marketin\u0161ke materijale.<\/p>\n\n\n\n<p>Kako dijelimo va\u0161e podatke:<br>Va\u0161e osobne podatke mo\u017eemo podijeliti s pru\u017eateljima usluga tre\u0107ih strana koji obavljaju usluge u na\u0161e ime, kao \u0161to su hosting web stranica, isporuka e-po\u0161te i obrada pla\u0107anja. Tako\u0111er mo\u017eemo otkriti va\u0161e podatke kako bismo ispunili zakonske obveze ili za\u0161titili svoja prava i interese.<\/p>\n\n\n\n<p>Sigurnost va\u0161ih podataka:<br>Poduzimamo razumne mjere za za\u0161titu sigurnosti va\u0161ih osobnih podataka, uklju\u010duju\u0107i provedbu odgovaraju\u0107ih tehni\u010dkih i organizacijskih mjera za za\u0161titu od neovla\u0161tenog pristupa, otkrivanja ili uni\u0161tenja.<\/p>\n\n\n\n<p>Va\u0161a prava:<br>Imate pravo pristupa i a\u017euriranja Va\u0161ih osobnih podataka, kao i zatra\u017eiti brisanje Va\u0161ih osobnih podataka. Tako\u0111er mo\u017eete odustati od primanja marketin\u0161kih komunikacija od nas.<\/p>\n\n\n\n<p>Promjene ovih Pravila privatnosti:<br>S vremena na vrijeme mo\u017eemo a\u017eurirati ovu Politiku privatnosti. Obavijestit \u0107emo vas o svim materijalnim promjenama ovih Pravila o privatnosti objavljivanjem obavijesti na na\u0161oj web stranici ili izravnim kontaktom s vama.<\/p>\n\n\n\n<p>Kontaktirajte nas:<br>Ako imate pitanja ili nedoumica u vezi s ovom Politikom privatnosti, obratite nam se na info@kamenlux.hr.<\/p>","protected":false},"excerpt":{"rendered":"<p>Hvala \u0161to ste odabrali KamenLux.hr. Po\u0161tujemo va\u0161u privatnost i predani smo za\u0161titi osobnih podataka koje nam dajete. Ova Pravila o&#8230;<\/p>","protected":false},"author":1,"featured_media":0,"parent":0,"menu_order":0,"comment_status":"closed","ping_status":"closed","template":"","meta":{"footnotes":""},"class_list":["post-3","page","type-page","status-publish","hentry"],"post-meta":{"_wp_page_template":["default"],"_edit_last":["1"],"_edit_lock":["1680009964:1"],"site-container":["default"],"site-header-transparent":["default"],"site-page-header":["default"],"site-sidebar":["default"]},"_links":{"self":[{"href":"https:\/\/kamenlux.hr\/en\/wp-json\/wp\/v2\/pages\/3","targetHints":{"allow":["GET"]}}],"collection":[{"href":"https:\/\/kamenlux.hr\/en\/wp-json\/wp\/v2\/pages"}],"about":[{"href":"https:\/\/kamenlux.hr\/en\/wp-json\/wp\/v2\/types\/page"}],"author":[{"embeddable":true,"href":"https:\/\/kamenlux.hr\/en\/wp-json\/wp\/v2\/users\/1"}],"replies":[{"embeddable":true,"href":"https:\/\/kamenlux.hr\/en\/wp-json\/wp\/v2\/comments?post=3"}],"version-history":[{"count":5,"href":"https:\/\/kamenlux.hr\/en\/wp-json\/wp\/v2\/pages\/3\/revisions"}],"predecessor-version":[{"id":4068,"href":"https:\/\/kamenlux.hr\/en\/wp-json\/wp\/v2\/pages\/3\/revisions\/4068"}],"wp:attachment":[{"href":"https:\/\/kamenlux.hr\/en\/wp-json\/wp\/v2\/media?parent=3"}],"curies":[{"name":"wp","href":"https:\/\/api.w.org\/{rel}","templated":true}]}}