{"id":232,"date":"2020-06-03T06:53:05","date_gmt":"2020-06-03T06:53:05","guid":{"rendered":"https:\/\/prodemo.woostify.com\/meins\/?page_id=232"},"modified":"2023-03-29T23:22:36","modified_gmt":"2023-03-29T23:22:36","slug":"o-nama","status":"publish","type":"page","link":"https:\/\/kamenlux.hr\/en\/o-nama\/","title":{"rendered":"About us"},"content":{"rendered":"<div data-elementor-type=\"wp-page\" data-elementor-id=\"232\" class=\"elementor elementor-232\">\n\t\t\t\t\t\t\t\t\t<section class=\"elementor-section elementor-top-section elementor-element elementor-element-70f0ea3 elementor-section-boxed elementor-section-height-default elementor-section-height-default\" data-id=\"70f0ea3\" data-element_type=\"section\" data-settings=\"{&quot;background_background&quot;:&quot;classic&quot;}\">\n\t\t\t\t\t\t<div class=\"elementor-container elementor-column-gap-default\">\n\t\t\t\t\t<div class=\"elementor-column elementor-col-100 elementor-top-column elementor-element elementor-element-2a818f3\" data-id=\"2a818f3\" data-element_type=\"column\">\n\t\t\t<div class=\"elementor-widget-wrap elementor-element-populated\">\n\t\t\t\t\t\t\t\t<div class=\"elementor-element elementor-element-6026d608 elementor-widget elementor-widget-elementskit-heading\" data-id=\"6026d608\" data-element_type=\"widget\" data-widget_type=\"elementskit-heading.default\">\n\t\t\t\t<div class=\"elementor-widget-container\">\n\t\t\t<div class=\"ekit-wid-con\" ><div class=\"ekit-heading elementskit-section-title-wraper text_center   ekit_heading_tablet-   ekit_heading_mobile-\"><h2 class=\"ekit-heading--title elementskit-section-title\"><span>ABOUT US<\/span><\/h2><div class=\"ekit_heading_separetor_wraper ekit_heading_elementskit-border-divider elementskit-style-long\"><div class=\"elementskit-border-divider elementskit-style-long\"><\/div><\/div>\t\t\t\t<div class='ekit-heading__description'>\n\t\t\t\t\t<p>The company Kamenlux specializes in the processing and installation of architectural and building stone. Our products and services are intended for interior and exterior decoration, including residential, commercial and other facilities. With constant investment, today we have a complete production system with the necessary machines for stone processing from raw block to finished product.<\/p>\n<p>OUR GOAL IS COMPETENCE, PROFESSIONALITY AND TIMELY SATISFACTION OF CLIENTS' NEEDS<\/p>\n\t\t\t\t<\/div>\n\t\t\t<\/div><\/div>\t\t<\/div>\n\t\t\t\t<\/div>\n\t\t\t\t<div class=\"elementor-element elementor-element-a886d0b elementor-arrows-position-inside elementor-pagination-position-outside elementor-widget elementor-widget-image-carousel\" data-id=\"a886d0b\" data-element_type=\"widget\" id=\"robert\" data-settings=\"{&quot;slides_to_show&quot;:&quot;6&quot;,&quot;image_spacing_custom&quot;:{&quot;unit&quot;:&quot;px&quot;,&quot;size&quot;:2,&quot;sizes&quot;:[]},&quot;slides_to_show_tablet&quot;:&quot;1&quot;,&quot;slides_to_show_mobile&quot;:&quot;1&quot;,&quot;autoplay_speed&quot;:1000,&quot;navigation&quot;:&quot;both&quot;,&quot;autoplay&quot;:&quot;yes&quot;,&quot;pause_on_hover&quot;:&quot;yes&quot;,&quot;pause_on_interaction&quot;:&quot;yes&quot;,&quot;infinite&quot;:&quot;yes&quot;,&quot;speed&quot;:500}\" data-widget_type=\"image-carousel.default\">\n\t\t\t\t<div class=\"elementor-widget-container\">\n\t\t\t<style>\/*! elementor - v3.11.5 - 14-03-2023 *\/\n.elementor-widget-image-carousel .swiper,.elementor-widget-image-carousel .swiper-container{position:static}.elementor-widget-image-carousel .swiper-container .swiper-slide figure,.elementor-widget-image-carousel .swiper .swiper-slide figure{line-height:inherit}.elementor-widget-image-carousel .swiper-slide{text-align:center}.elementor-image-carousel-wrapper:not(.swiper-container-initialized) .swiper-slide,.elementor-image-carousel-wrapper:not(.swiper-initialized) .swiper-slide{max-width:calc(100% \/ var(--e-image-carousel-slides-to-show, 3))}<\/style>\t\t<div class=\"elementor-image-carousel-wrapper swiper\" dir=\"ltr\">\n\t\t\t<div class=\"elementor-image-carousel swiper-wrapper swiper-image-stretch\">\n\t\t\t\t\t\t\t\t<div class=\"swiper-slide\"><a data-elementor-open-lightbox=\"yes\" data-elementor-lightbox-slideshow=\"a886d0b\" data-elementor-lightbox-title=\"&nbsp;\" data-e-action-hash=\"#elementor-action%3Aaction%3Dlightbox%26settings%3DeyJpZCI6Mzk3NywidXJsIjoiaHR0cHM6XC9cL2thbWVubHV4LmhyXC93cC1jb250ZW50XC91cGxvYWRzXC8yMDIzXC8wM1wvQlI2QTc0MTAtQ3VzdG9tLTEuanBnIiwic2xpZGVzaG93IjoiYTg4NmQwYiJ9\" href=\"https:\/\/kamenlux.hr\/wp-content\/uploads\/2023\/03\/BR6A7410-Custom-1.jpg\"><figure class=\"swiper-slide-inner\"><img decoding=\"async\" class=\"swiper-slide-image\" src=\"https:\/\/kamenlux.hr\/wp-content\/uploads\/elementor\/thumbs\/BR6A7410-Custom-1-q46axfi2656sg27z7cg16xiydqgxl89cbsj2y672x4.jpg\" alt=\"&nbsp;\" \/><\/figure><\/a><\/div><div class=\"swiper-slide\"><a data-elementor-open-lightbox=\"yes\" data-elementor-lightbox-slideshow=\"a886d0b\" data-elementor-lightbox-title=\"&nbsp;\" data-e-action-hash=\"#elementor-action%3Aaction%3Dlightbox%26settings%3DeyJpZCI6Mzk3OCwidXJsIjoiaHR0cHM6XC9cL2thbWVubHV4LmhyXC93cC1jb250ZW50XC91cGxvYWRzXC8yMDIzXC8wM1wvQlI2QTc0NzgtQ3VzdG9tLmpwZyIsInNsaWRlc2hvdyI6ImE4ODZkMGIifQ%3D%3D\" href=\"https:\/\/kamenlux.hr\/wp-content\/uploads\/2023\/03\/BR6A7478-Custom.jpg\"><figure class=\"swiper-slide-inner\"><img decoding=\"async\" class=\"swiper-slide-image\" src=\"https:\/\/kamenlux.hr\/wp-content\/uploads\/elementor\/thumbs\/BR6A7478-Custom-q46axibkqnanew3vqvnwwetc5w318bkjc6hje02weg.jpg\" alt=\"&nbsp;\" \/><\/figure><\/a><\/div><div class=\"swiper-slide\"><a data-elementor-open-lightbox=\"yes\" data-elementor-lightbox-slideshow=\"a886d0b\" data-elementor-lightbox-title=\"&nbsp;\" data-e-action-hash=\"#elementor-action%3Aaction%3Dlightbox%26settings%3DeyJpZCI6Mzk3OSwidXJsIjoiaHR0cHM6XC9cL2thbWVubHV4LmhyXC93cC1jb250ZW50XC91cGxvYWRzXC8yMDIzXC8wM1wvQlI2QTc0ODEtQ3VzdG9tLmpwZyIsInNsaWRlc2hvdyI6ImE4ODZkMGIifQ%3D%3D\" href=\"https:\/\/kamenlux.hr\/wp-content\/uploads\/2023\/03\/BR6A7481-Custom.jpg\"><figure class=\"swiper-slide-inner\"><img decoding=\"async\" class=\"swiper-slide-image\" src=\"https:\/\/kamenlux.hr\/wp-content\/uploads\/elementor\/thumbs\/BR6A7481-Custom-q46axl53b5eidpzsaevslw3py1p4vevqckfzttypvs.jpg\" alt=\"&nbsp;\" \/><\/figure><\/a><\/div><div class=\"swiper-slide\"><a data-elementor-open-lightbox=\"yes\" data-elementor-lightbox-slideshow=\"a886d0b\" data-elementor-lightbox-title=\"&nbsp;\" data-e-action-hash=\"#elementor-action%3Aaction%3Dlightbox%26settings%3DeyJpZCI6Mzk4MCwidXJsIjoiaHR0cHM6XC9cL2thbWVubHV4LmhyXC93cC1jb250ZW50XC91cGxvYWRzXC8yMDIzXC8wM1wvQlI2QTc1MzItQ3VzdG9tLmpwZyIsInNsaWRlc2hvdyI6ImE4ODZkMGIifQ%3D%3D\" href=\"https:\/\/kamenlux.hr\/wp-content\/uploads\/2023\/03\/BR6A7532-Custom.jpg\"><figure class=\"swiper-slide-inner\"><img decoding=\"async\" class=\"swiper-slide-image\" src=\"https:\/\/kamenlux.hr\/wp-content\/uploads\/elementor\/thumbs\/BR6A7532-Custom-q46axnylvnidcjvoty3obde3q7b8ii6xcyeg9nujd4.jpg\" alt=\"&nbsp;\" \/><\/figure><\/a><\/div><div class=\"swiper-slide\"><a data-elementor-open-lightbox=\"yes\" data-elementor-lightbox-slideshow=\"a886d0b\" data-elementor-lightbox-title=\"&nbsp;\" data-e-action-hash=\"#elementor-action%3Aaction%3Dlightbox%26settings%3DeyJpZCI6Mzk4MSwidXJsIjoiaHR0cHM6XC9cL2thbWVubHV4LmhyXC93cC1jb250ZW50XC91cGxvYWRzXC8yMDIzXC8wM1wvQlI2QTc1NDAtQ3VzdG9tLmpwZyIsInNsaWRlc2hvdyI6ImE4ODZkMGIifQ%3D%3D\" href=\"https:\/\/kamenlux.hr\/wp-content\/uploads\/2023\/03\/BR6A7540-Custom.jpg\"><figure class=\"swiper-slide-inner\"><img decoding=\"async\" class=\"swiper-slide-image\" src=\"https:\/\/kamenlux.hr\/wp-content\/uploads\/elementor\/thumbs\/BR6A7540-Custom-q46axrpymznimzq87zq6lcfy3qspdaluph0e6royo8.jpg\" alt=\"&nbsp;\" \/><\/figure><\/a><\/div><div class=\"swiper-slide\"><a data-elementor-open-lightbox=\"yes\" data-elementor-lightbox-slideshow=\"a886d0b\" data-elementor-lightbox-title=\"&nbsp;\" data-e-action-hash=\"#elementor-action%3Aaction%3Dlightbox%26settings%3DeyJpZCI6Mzk4MiwidXJsIjoiaHR0cHM6XC9cL2thbWVubHV4LmhyXC93cC1jb250ZW50XC91cGxvYWRzXC8yMDIzXC8wM1wvaW1hZ2UwMDAxNy1DdXN0b20uanBlZyIsInNsaWRlc2hvdyI6ImE4ODZkMGIifQ%3D%3D\" href=\"https:\/\/kamenlux.hr\/wp-content\/uploads\/2023\/03\/image00017-Custom.jpeg\"><figure class=\"swiper-slide-inner\"><img decoding=\"async\" class=\"swiper-slide-image\" src=\"https:\/\/kamenlux.hr\/wp-content\/uploads\/elementor\/thumbs\/image00017-Custom-q46axxczrzv8kni1b25y0b0po20wnh88q8xb2fglmw.jpeg\" alt=\"&nbsp;&nbsp;\" \/><\/figure><\/a><\/div><div class=\"swiper-slide\"><a data-elementor-open-lightbox=\"yes\" data-elementor-lightbox-slideshow=\"a886d0b\" data-elementor-lightbox-title=\"&nbsp;\" data-e-action-hash=\"#elementor-action%3Aaction%3Dlightbox%26settings%3DeyJpZCI6Mzk4NCwidXJsIjoiaHR0cHM6XC9cL2thbWVubHV4LmhyXC93cC1jb250ZW50XC91cGxvYWRzXC8yMDIzXC8wM1wvaW1hZ2UwMDAxOC1DdXN0b20uanBlZyIsInNsaWRlc2hvdyI6ImE4ODZkMGIifQ%3D%3D\" href=\"https:\/\/kamenlux.hr\/wp-content\/uploads\/2023\/03\/image00018-Custom.jpeg\"><figure class=\"swiper-slide-inner\"><img decoding=\"async\" class=\"swiper-slide-image\" src=\"https:\/\/kamenlux.hr\/wp-content\/uploads\/elementor\/thumbs\/image00018-Custom-q46ay226q61o6pb7jm72uru0mzdqpyqwew6qgt9mrs.jpeg\" alt=\"&nbsp;\" \/><\/figure><\/a><\/div><div class=\"swiper-slide\"><a data-elementor-open-lightbox=\"yes\" data-elementor-lightbox-slideshow=\"a886d0b\" data-elementor-lightbox-title=\"&nbsp;\" data-e-action-hash=\"#elementor-action%3Aaction%3Dlightbox%26settings%3DeyJpZCI6Mzk4NSwidXJsIjoiaHR0cHM6XC9cL2thbWVubHV4LmhyXC93cC1jb250ZW50XC91cGxvYWRzXC8yMDIzXC8wM1wvaW1hZ2UwMDAyMC1DdXN0b20uanBlZyIsInNsaWRlc2hvdyI6ImE4ODZkMGIifQ%3D%3D\" href=\"https:\/\/kamenlux.hr\/wp-content\/uploads\/2023\/03\/image00020-Custom.jpeg\"><figure class=\"swiper-slide-inner\"><img decoding=\"async\" class=\"swiper-slide-image\" src=\"https:\/\/kamenlux.hr\/wp-content\/uploads\/elementor\/thumbs\/image00020-Custom-q46ay8n220aofz1nh71gu868sohb7uh0rsr4tqzvk8.jpeg\" alt=\"&nbsp;\" \/><\/figure><\/a><\/div><div class=\"swiper-slide\"><a data-elementor-open-lightbox=\"yes\" data-elementor-lightbox-slideshow=\"a886d0b\" data-elementor-lightbox-title=\"&nbsp;\" data-e-action-hash=\"#elementor-action%3Aaction%3Dlightbox%26settings%3DeyJpZCI6Mzk4NiwidXJsIjoiaHR0cHM6XC9cL2thbWVubHV4LmhyXC93cC1jb250ZW50XC91cGxvYWRzXC8yMDIzXC8wM1wvaW1hZ2UwMDAyMS1DdXN0b20tcm90YXRlZC5qcGVnIiwic2xpZGVzaG93IjoiYTg4NmQwYiJ9\" href=\"https:\/\/kamenlux.hr\/wp-content\/uploads\/2023\/03\/image00021-Custom-rotated.jpeg\"><figure class=\"swiper-slide-inner\"><img decoding=\"async\" class=\"swiper-slide-image\" src=\"https:\/\/kamenlux.hr\/wp-content\/uploads\/elementor\/thumbs\/image00021-Custom-rotated-q46aydc906h420utpr2loozjrlu5abzogg0k84swp4.jpeg\" alt=\"&nbsp;\" \/><\/figure><\/a><\/div><div class=\"swiper-slide\"><a data-elementor-open-lightbox=\"yes\" data-elementor-lightbox-slideshow=\"a886d0b\" data-elementor-lightbox-title=\"&nbsp;\" data-e-action-hash=\"#elementor-action%3Aaction%3Dlightbox%26settings%3DeyJpZCI6Mzk4NywidXJsIjoiaHR0cHM6XC9cL2thbWVubHV4LmhyXC93cC1jb250ZW50XC91cGxvYWRzXC8yMDIzXC8wM1wvdnYtQ3VzdG9tLmpwZyIsInNsaWRlc2hvdyI6ImE4ODZkMGIifQ%3D%3D\" href=\"https:\/\/kamenlux.hr\/wp-content\/uploads\/2023\/03\/vv-Custom.jpg\"><figure class=\"swiper-slide-inner\"><img decoding=\"async\" class=\"swiper-slide-image\" src=\"https:\/\/kamenlux.hr\/wp-content\/uploads\/elementor\/thumbs\/vv-Custom-q46ayi1fycnjo2nzyb3qj5suqj6zctic539zmilxu0.jpg\" alt=\"&nbsp;\" \/><\/figure><\/a><\/div><div class=\"swiper-slide\"><a data-elementor-open-lightbox=\"yes\" data-elementor-lightbox-slideshow=\"a886d0b\" data-elementor-lightbox-title=\"&nbsp;\" data-e-action-hash=\"#elementor-action%3Aaction%3Dlightbox%26settings%3DeyJpZCI6NDEwNCwidXJsIjoiaHR0cHM6XC9cL2thbWVubHV4LmhyXC93cC1jb250ZW50XC91cGxvYWRzXC8yMDIzXC8wM1wvMzQzNC1DdXN0b20tcm90YXRlZC5qcGciLCJzbGlkZXNob3ciOiJhODg2ZDBiIn0%3D\" href=\"https:\/\/kamenlux.hr\/wp-content\/uploads\/2023\/03\/3434-Custom-rotated.jpg\"><figure class=\"swiper-slide-inner\"><img decoding=\"async\" class=\"swiper-slide-image\" src=\"https:\/\/kamenlux.hr\/wp-content\/uploads\/elementor\/thumbs\/3434-Custom-rotated-q47yh556strosmcyfh6d9h0yk6dvelncq6lfv9oya0.jpg\" alt=\"&nbsp;\" \/><\/figure><\/a><\/div>\t\t\t<\/div>\n\t\t\t\t\t\t\t\t\t\t\t\t<div class=\"swiper-pagination\"><\/div>\n\t\t\t\t\t\t\t\t\t\t\t\t\t<div class=\"elementor-swiper-button elementor-swiper-button-prev\">\n\t\t\t\t\t\t<i aria-hidden=\"true\" class=\"eicon-chevron-left\"><\/i>\t\t\t\t\t\t<span class=\"elementor-screen-only\">Previous<\/span>\n\t\t\t\t\t<\/div>\n\t\t\t\t\t<div class=\"elementor-swiper-button elementor-swiper-button-next\">\n\t\t\t\t\t\t<i aria-hidden=\"true\" class=\"eicon-chevron-right\"><\/i>\t\t\t\t\t\t<span class=\"elementor-screen-only\">Next<\/span>\n\t\t\t\t\t<\/div>\n\t\t\t\t\t\t\t\t\t<\/div>\n\t\t\t\t<\/div>\n\t\t\t\t<\/div>\n\t\t\t\t<div class=\"elementor-element elementor-element-d4d241e elementor-align-center elementor-widget elementor-widget-button\" data-id=\"d4d241e\" data-element_type=\"widget\" data-widget_type=\"button.default\">\n\t\t\t\t<div class=\"elementor-widget-container\">\n\t\t\t\t\t<div class=\"elementor-button-wrapper\">\n\t\t\t<a href=\"https:\/\/kamenlux.hr\/kontakt\/\" class=\"elementor-button-link elementor-button elementor-size-xs\" role=\"button\">\n\t\t\t\t\t\t<span class=\"elementor-button-content-wrapper\">\n\t\t\t\t\t\t<span class=\"elementor-button-text\">CONTACT US<\/span>\n\t\t<\/span>\n\t\t\t\t\t<\/a>\n\t\t<\/div>\n\t\t\t\t<\/div>\n\t\t\t\t<\/div>\n\t\t\t\t\t<\/div>\n\t\t<\/div>\n\t\t\t\t\t\t\t<\/div>\n\t\t<\/section>\n\t\t\t\t\t\t\t<\/div>","protected":false},"excerpt":{"rendered":"<p>O NAMA Tvrtka Kamenlux specijalizirana je za preradu i ugradnju arhitektonsko-gra\u0111evinskog kamena. Na\u0161i proizvodi i usluge namijenjeni su ure\u0111enju interijera&#8230;<\/p>","protected":false},"author":1,"featured_media":0,"parent":0,"menu_order":0,"comment_status":"closed","ping_status":"closed","template":"elementor_header_footer","meta":{"footnotes":""},"class_list":["post-232","page","type-page","status-publish","hentry"],"post-meta":{"site-container":["default"],"site-header-transparent":["default"],"site-page-header":["default"],"site-sidebar":["default"],"_elementor_edit_mode":["builder"],"_elementor_template_type":["wp-page"],"_elementor_version":["3.11.5"],"_wp_page_template":["elementor_header_footer"],"_elementor_data":["[{\"id\":\"70f0ea3\",\"elType\":\"section\",\"settings\":{\"padding\":{\"unit\":\"px\",\"top\":\"0\",\"right\":\"0\",\"bottom\":\"190\",\"left\":\"0\",\"isLinked\":false},\"hover_parallax\":[{\"layer_position_vr\":{\"unit\":\"%\",\"size\":30},\"layer_position_hr\":{\"unit\":\"%\",\"size\":40},\"_id\":\"ba320ba\"},{\"layer_position_vr\":{\"unit\":\"%\",\"size\":60},\"layer_position_hr\":{\"unit\":\"%\",\"size\":20},\"_id\":\"70725a6\"}],\"pa_condition_repeater\":[],\"background_background\":\"classic\",\"background_color\":\"#EAE2D252\",\"__globals__\":{\"background_color\":\"\"}},\"elements\":[{\"id\":\"2a818f3\",\"elType\":\"column\",\"settings\":{\"_column_size\":100,\"_inline_size\":null,\"pa_condition_repeater\":[]},\"elements\":[{\"id\":\"6026d608\",\"elType\":\"widget\",\"settings\":{\"ekit_heading_title\":\"{O NAMA}\",\"ekit_heading_focused_title\":\"Features\",\"ekit_heading_sub_title_show\":\"\",\"ekit_heading_sub_title\":\"\",\"ekit_heading_section_extra_title_show\":\"yes\",\"ekit_heading_extra_title\":\"Tvrtka Kamenlux specijalizirana je za preradu i ugradnju arhitektonsko-gra\\u0111evinskog kamena.                                Na\\u0161i proizvodi i usluge namijenjeni su ure\\u0111enju interijera i eksterijera, uklju\\u010duju\\u0107i stambene, poslovne i druge objekte. Konstantnim ulaganjem  danas imamo zaokru\\u017een sistem proizvodnje sa potrebnim strojevima za preradu kamena od sirovog bloka do gotovog proizvoda.\\n\\nNA\\u0160 CILJ JE KOMPETENTNOST, PROFESIONALNOST I PRAVOVREMENO ZADOVOLJITI POTREBE KLIJENATA\\n\",\"ekit_heading_title_align\":\"text_center\",\"ekit_heading_title_color\":\"#000000\",\"ekit_heading_title_margin\":{\"unit\":\"px\",\"top\":\"0\",\"right\":\"0\",\"bottom\":\"17\",\"left\":\"0\",\"isLinked\":\"\"},\"ekit_heading_title_typography_typography\":\"custom\",\"ekit_heading_title_typography_font_family\":\"Raleway\",\"ekit_heading_title_typography_font_size\":{\"unit\":\"px\",\"size\":\"36\",\"sizes\":[]},\"ekit_heading_title_typography_font_weight\":\"700\",\"ekit_heading_focused_title_typography_typography\":\"custom\",\"ekit_heading_focused_title_typography_font_size\":{\"unit\":\"px\",\"size\":\"36\",\"sizes\":[]},\"ekit_heading_focused_title_typography_font_weight\":\"600\",\"ekit_heading_sub_title_color\":\"#111633\",\"ekit_heading_sub_title_typography_typography\":\"custom\",\"ekit_heading_sub_title_typography_font_family\":\"Open Sans\",\"ekit_heading_sub_title_typography_font_size\":{\"unit\":\"px\",\"size\":\"18\",\"sizes\":[]},\"ekit_heading_sub_title_typography_font_weight\":\"700\",\"ekit_heading_sub_title_typography_line_height\":{\"unit\":\"px\",\"size\":\"25\",\"sizes\":[]},\"ekit_heading_extra_title_color\":\"#565656\",\"ekit_heading_extra_title_typography_typography\":\"custom\",\"ekit_heading_extra_title_typography_font_family\":\"Open Sans\",\"ekit_heading_extra_title_typography_font_size\":{\"unit\":\"px\",\"size\":\"16\",\"sizes\":[]},\"ekit_heading_extra_title_typography_font_weight\":\"400\",\"ekit_heading_extra_title_typography_line_height\":{\"unit\":\"px\",\"size\":\"26\",\"sizes\":[]},\"ekit_heading_seperator_width\":{\"unit\":\"px\",\"size\":205,\"sizes\":[]},\"ekit_heading_sub_title_border_color_color_stop\":{\"unit\":\"%\",\"size\":\"0\",\"sizes\":[]},\"ekit_heading_sub_title_border_color_color_b_stop\":{\"unit\":\"%\",\"size\":\"100\",\"sizes\":[]},\"ekit_heading_sub_title_border_color_gradient_angle\":{\"unit\":\"deg\",\"size\":\"180\",\"sizes\":[]},\"ekit_heading_sub_title_border_color_xpos\":{\"unit\":\"px\",\"size\":\"0\",\"sizes\":[]},\"ekit_heading_sub_title_border_color_xpos_tablet\":{\"unit\":\"px\",\"size\":\"0\",\"sizes\":[]},\"ekit_heading_sub_title_border_color_xpos_mobile\":{\"unit\":\"px\",\"size\":\"0\",\"sizes\":[]},\"ekit_heading_sub_title_border_color_ypos\":{\"unit\":\"px\",\"size\":\"0\",\"sizes\":[]},\"ekit_heading_sub_title_border_color_ypos_tablet\":{\"unit\":\"px\",\"size\":\"0\",\"sizes\":[]},\"ekit_heading_sub_title_border_color_ypos_mobile\":{\"unit\":\"px\",\"size\":\"0\",\"sizes\":[]},\"ekit_heading_sub_title_border_color_bg_width\":{\"unit\":\"%\",\"size\":\"100\",\"sizes\":[]},\"ekit_heading_sub_title_border_color_bg_width_tablet\":{\"unit\":\"px\",\"size\":\"\",\"sizes\":[]},\"ekit_heading_sub_title_border_color_bg_width_mobile\":{\"unit\":\"px\",\"size\":\"\",\"sizes\":[]},\"shadow_text_content\":\"bussiness\",\"ekit_all_conditions_list\":[{\"_id\":\"38e5e82\"}],\"ekit_heading_seperator_image\":{\"id\":\"2297\",\"url\":\"https:\\\/\\\/kamenlux.hr\\\/wp-content\\\/uploads\\\/2023\\\/02\\\/placeholder-428.png\"},\"_margin\":{\"unit\":\"px\",\"top\":\"90\",\"right\":\"0\",\"bottom\":\"0\",\"left\":\"0\",\"isLinked\":false},\"__globals__\":{\"ekit_heading_focused_title_color\":\"\"},\"show_title_border\":\"\",\"ekit_heading_seperator_style\":\"elementskit-border-divider elementskit-style-long\",\"ekit_heading_focused_title_color\":\"#6D6D6D\",\"ekit_heading_focused_title_color_hover\":\"#EAE2D2\",\"ekit_heading_seperator_color\":\"#EAE2D2\",\"pa_condition_repeater\":[]},\"elements\":[],\"widgetType\":\"elementskit-heading\"},{\"id\":\"a886d0b\",\"elType\":\"widget\",\"settings\":{\"carousel\":[{\"id\":3977,\"url\":\"https:\\\/\\\/kamenlux.hr\\\/wp-content\\\/uploads\\\/2023\\\/03\\\/BR6A7410-Custom-1.jpg\"},{\"id\":3978,\"url\":\"https:\\\/\\\/kamenlux.hr\\\/wp-content\\\/uploads\\\/2023\\\/03\\\/BR6A7478-Custom.jpg\"},{\"id\":3979,\"url\":\"https:\\\/\\\/kamenlux.hr\\\/wp-content\\\/uploads\\\/2023\\\/03\\\/BR6A7481-Custom.jpg\"},{\"id\":3980,\"url\":\"https:\\\/\\\/kamenlux.hr\\\/wp-content\\\/uploads\\\/2023\\\/03\\\/BR6A7532-Custom.jpg\"},{\"id\":3981,\"url\":\"https:\\\/\\\/kamenlux.hr\\\/wp-content\\\/uploads\\\/2023\\\/03\\\/BR6A7540-Custom.jpg\"},{\"id\":3982,\"url\":\"https:\\\/\\\/kamenlux.hr\\\/wp-content\\\/uploads\\\/2023\\\/03\\\/image00017-Custom.jpeg\"},{\"id\":3984,\"url\":\"https:\\\/\\\/kamenlux.hr\\\/wp-content\\\/uploads\\\/2023\\\/03\\\/image00018-Custom.jpeg\"},{\"id\":3985,\"url\":\"https:\\\/\\\/kamenlux.hr\\\/wp-content\\\/uploads\\\/2023\\\/03\\\/image00020-Custom.jpeg\"},{\"id\":3986,\"url\":\"https:\\\/\\\/kamenlux.hr\\\/wp-content\\\/uploads\\\/2023\\\/03\\\/image00021-Custom-rotated.jpeg\"},{\"id\":3987,\"url\":\"https:\\\/\\\/kamenlux.hr\\\/wp-content\\\/uploads\\\/2023\\\/03\\\/vv-Custom.jpg\"},{\"id\":4104,\"url\":\"https:\\\/\\\/kamenlux.hr\\\/wp-content\\\/uploads\\\/2023\\\/03\\\/3434-Custom-rotated.jpg\"}],\"slides_to_show\":\"6\",\"image_stretch\":\"yes\",\"link_to\":\"file\",\"open_lightbox\":\"yes\",\"image_spacing\":\"custom\",\"image_spacing_custom\":{\"unit\":\"px\",\"size\":2,\"sizes\":[]},\"thumbnail_size\":\"custom\",\"thumbnail_custom_dimension\":{\"width\":\"500\",\"height\":\"500\"},\"slides_to_show_tablet\":\"1\",\"slides_to_show_mobile\":\"1\",\"autoplay_speed\":1000,\"_element_id\":\"robert\"},\"elements\":[],\"widgetType\":\"image-carousel\"},{\"id\":\"d4d241e\",\"elType\":\"widget\",\"settings\":{\"text\":\"KONTAKTIRAJTE NAS\",\"link\":{\"url\":\"https:\\\/\\\/kamenlux.hr\\\/kontakt\\\/\",\"is_external\":\"\",\"nofollow\":\"\",\"custom_attributes\":\"\"},\"align\":\"center\",\"size\":\"xs\",\"button_text_color\":\"#FFFFFF\",\"background_color\":\"#606060\"},\"elements\":[],\"widgetType\":\"button\"}],\"isInner\":false}],\"isInner\":false}]"],"_elementor_controls_usage":["a:8:{s:7:\"heading\";a:3:{s:5:\"count\";i:7;s:15:\"control_percent\";i:3;s:8:\"controls\";a:2:{s:7:\"content\";a:1:{s:13:\"section_title\";a:3:{s:5:\"title\";i:7;s:5:\"align\";i:2;s:11:\"header_size\";i:2;}}s:5:\"style\";a:1:{s:19:\"section_title_style\";a:7:{s:11:\"title_color\";i:2;s:21:\"typography_typography\";i:7;s:20:\"typography_font_size\";i:7;s:22:\"typography_font_weight\";i:1;s:25:\"typography_text_transform\";i:1;s:27:\"typography_font_size_mobile\";i:2;s:29:\"typography_line_height_mobile\";i:2;}}}}s:11:\"text-editor\";a:3:{s:5:\"count\";i:5;s:15:\"control_percent\";i:2;s:8:\"controls\";a:3:{s:7:\"content\";a:1:{s:14:\"section_editor\";a:1:{s:6:\"editor\";i:5;}}s:5:\"style\";a:1:{s:13:\"section_style\";a:4:{s:21:\"typography_typography\";i:5;s:20:\"typography_font_size\";i:5;s:22:\"typography_line_height\";i:4;s:5:\"align\";i:1;}}s:8:\"advanced\";a:1:{s:14:\"_section_style\";a:1:{s:7:\"_margin\";i:3;}}}}s:7:\"counter\";a:3:{s:5:\"count\";i:3;s:15:\"control_percent\";i:4;s:8:\"controls\";a:2:{s:7:\"content\";a:1:{s:15:\"section_counter\";a:3:{s:13:\"ending_number\";i:3;s:18:\"thousand_separator\";i:3;s:5:\"title\";i:3;}}s:5:\"style\";a:2:{s:14:\"section_number\";a:3:{s:12:\"number_color\";i:3;s:28:\"typography_number_typography\";i:3;s:27:\"typography_number_font_size\";i:3;}s:13:\"section_title\";a:5:{s:11:\"title_color\";i:3;s:27:\"typography_title_typography\";i:3;s:26:\"typography_title_font_size\";i:3;s:28:\"typography_title_font_weight\";i:3;s:31:\"typography_title_text_transform\";i:3;}}}}s:6:\"column\";a:3:{s:5:\"count\";i:18;s:15:\"control_percent\";i:0;s:8:\"controls\";a:2:{s:6:\"layout\";a:1:{s:6:\"layout\";a:2:{s:12:\"_inline_size\";i:18;s:19:\"_inline_size_tablet\";i:8;}}s:8:\"advanced\";a:1:{s:16:\"section_advanced\";a:6:{s:7:\"padding\";i:12;s:13:\"margin_mobile\";i:1;s:14:\"padding_tablet\";i:8;s:14:\"padding_mobile\";i:2;s:6:\"margin\";i:1;s:13:\"margin_tablet\";i:1;}}}}s:7:\"section\";a:3:{s:5:\"count\";i:9;s:15:\"control_percent\";i:3;s:8:\"controls\";a:3:{s:6:\"layout\";a:2:{s:17:\"section_structure\";a:1:{s:9:\"structure\";i:5;}s:14:\"section_layout\";a:5:{s:15:\"stretch_section\";i:4;s:13:\"content_width\";i:4;s:6:\"layout\";i:1;s:6:\"height\";i:2;s:13:\"custom_height\";i:2;}}s:8:\"advanced\";a:1:{s:16:\"section_advanced\";a:3:{s:6:\"margin\";i:5;s:14:\"padding_mobile\";i:2;s:13:\"margin_mobile\";i:2;}}s:5:\"style\";a:1:{s:18:\"section_background\";a:2:{s:21:\"background_background\";i:4;s:16:\"background_color\";i:4;}}}}s:5:\"image\";a:3:{s:5:\"count\";i:1;s:15:\"control_percent\";i:1;s:8:\"controls\";a:1:{s:7:\"content\";a:1:{s:13:\"section_image\";a:2:{s:5:\"image\";i:1;s:12:\"align_tablet\";i:1;}}}}s:9:\"image-box\";a:3:{s:5:\"count\";i:6;s:15:\"control_percent\";i:3;s:8:\"controls\";a:3:{s:7:\"content\";a:1:{s:13:\"section_image\";a:4:{s:5:\"image\";i:6;s:10:\"title_text\";i:6;s:16:\"description_text\";i:6;s:8:\"position\";i:2;}}s:5:\"style\";a:2:{s:21:\"section_style_content\";a:4:{s:27:\"title_typography_typography\";i:6;s:26:\"title_typography_font_size\";i:4;s:33:\"description_typography_typography\";i:4;s:26:\"content_vertical_alignment\";i:2;}s:19:\"section_style_image\";a:1:{s:10:\"image_size\";i:2;}}s:8:\"advanced\";a:2:{s:14:\"_section_style\";a:2:{s:8:\"_padding\";i:4;s:7:\"_margin\";i:2;}s:19:\"_section_background\";a:2:{s:22:\"_background_background\";i:4;s:17:\"_background_color\";i:4;}}}}s:6:\"button\";a:3:{s:5:\"count\";i:1;s:15:\"control_percent\";i:4;s:8:\"controls\";a:2:{s:7:\"content\";a:1:{s:14:\"section_button\";a:4:{s:4:\"text\";i:1;s:5:\"align\";i:1;s:12:\"align_mobile\";i:1;s:4:\"link\";i:1;}}s:5:\"style\";a:1:{s:13:\"section_style\";a:11:{s:21:\"typography_typography\";i:1;s:20:\"typography_font_size\";i:1;s:22:\"typography_font_weight\";i:1;s:17:\"button_text_color\";i:1;s:16:\"background_color\";i:1;s:11:\"hover_color\";i:1;s:29:\"button_background_hover_color\";i:1;s:25:\"button_hover_border_color\";i:1;s:13:\"border_border\";i:1;s:12:\"border_width\";i:1;s:12:\"border_color\";i:1;}}}}}"],"_wxr_import_user_slug":["ulr3g"],"_wxr_import_has_attachment_refs":["1"],"_edit_lock":["1680132502:1"],"_elementor_page_assets":["a:0:{}"],"_edit_last":["1"],"_elementor_css":["a:6:{s:4:\"time\";i:1680167368;s:5:\"fonts\";a:2:{i:0;s:7:\"Raleway\";i:1;s:9:\"Open Sans\";}s:5:\"icons\";a:1:{i:0;s:0:\"\";}s:20:\"dynamic_elements_ids\";a:0:{}s:6:\"status\";s:4:\"file\";i:0;s:0:\"\";}"]},"_links":{"self":[{"href":"https:\/\/kamenlux.hr\/en\/wp-json\/wp\/v2\/pages\/232","targetHints":{"allow":["GET"]}}],"collection":[{"href":"https:\/\/kamenlux.hr\/en\/wp-json\/wp\/v2\/pages"}],"about":[{"href":"https:\/\/kamenlux.hr\/en\/wp-json\/wp\/v2\/types\/page"}],"author":[{"embeddable":true,"href":"https:\/\/kamenlux.hr\/en\/wp-json\/wp\/v2\/users\/1"}],"replies":[{"embeddable":true,"href":"https:\/\/kamenlux.hr\/en\/wp-json\/wp\/v2\/comments?post=232"}],"version-history":[{"count":126,"href":"https:\/\/kamenlux.hr\/en\/wp-json\/wp\/v2\/pages\/232\/revisions"}],"predecessor-version":[{"id":4224,"href":"https:\/\/kamenlux.hr\/en\/wp-json\/wp\/v2\/pages\/232\/revisions\/4224"}],"wp:attachment":[{"href":"https:\/\/kamenlux.hr\/en\/wp-json\/wp\/v2\/media?parent=232"}],"curies":[{"name":"wp","href":"https:\/\/api.w.org\/{rel}","templated":true}]}}